{"id":456,"date":"2021-01-18T17:58:13","date_gmt":"2021-01-18T14:58:13","guid":{"rendered":"http:\/\/makzu.me\/?page_id=456"},"modified":"2025-05-16T14:46:27","modified_gmt":"2025-05-16T11:46:27","slug":"kisisel-verilerin-korunmasi-kanunu","status":"publish","type":"page","link":"https:\/\/makzu.me\/?page_id=456","title":{"rendered":"K\u0130\u015e\u0130SEL VER\u0130LER\u0130N KORUNMASI KANUNU"},"content":{"rendered":"\n<p><a href=\"https:\/\/makzu.me\/?page_id=587\" target=\"_blank\" rel=\"noreferrer noopener\">Ayd\u0131nlatma Metinleri i\u00e7in&nbsp;t\u0131klay\u0131n\u0131z.<\/a><\/p>\n\n\n\n<p><a href=\"https:\/\/makzu.me\/wp-content\/uploads\/2025\/05\/PHB_20250509_Makzume_KVK_LAM-Lyonel_Cookie_V4.pdf\" target=\"_blank\" rel=\"noreferrer noopener\">Web Sitesi \u00c7erez Politikas\u0131 i\u00e7in\u00a0t\u0131klay\u0131n\u0131z.<\/a><\/p>\n\n\n\n<p><a href=\"http:\/\/makzu.me\/wp-content\/uploads\/2024\/10\/Makzume-Veri-Sahibi-Basvuru-Formu.pdf\" target=\"_blank\" rel=\"noreferrer noopener\">Veri Sahibi Ba\u015fvuru Formu i\u00e7in t\u0131klay\u0131n\u0131z.<\/a><\/p>\n\n\n\n<p><\/p>\n","protected":false},"excerpt":{"rendered":"<p>Ayd\u0131nlatma Metinleri i\u00e7in&nbsp;t\u0131klay\u0131n\u0131z. Web Sitesi \u00c7erez Politikas\u0131 i\u00e7in\u00a0t\u0131klay\u0131n\u0131z. Veri Sahibi Ba\u015fvuru Formu i\u00e7in t\u0131klay\u0131n\u0131z.<\/p>\n","protected":false},"author":1,"featured_media":0,"parent":0,"menu_order":0,"comment_status":"closed","ping_status":"closed","template":"","meta":{"footnotes":""},"class_list":["post-456","page","type-page","status-publish","hentry"],"_links":{"self":[{"href":"https:\/\/makzu.me\/index.php?rest_route=\/wp\/v2\/pages\/456","targetHints":{"allow":["GET"]}}],"collection":[{"href":"https:\/\/makzu.me\/index.php?rest_route=\/wp\/v2\/pages"}],"about":[{"href":"https:\/\/makzu.me\/index.php?rest_route=\/wp\/v2\/types\/page"}],"author":[{"embeddable":true,"href":"https:\/\/makzu.me\/index.php?rest_route=\/wp\/v2\/users\/1"}],"replies":[{"embeddable":true,"href":"https:\/\/makzu.me\/index.php?rest_route=%2Fwp%2Fv2%2Fcomments&post=456"}],"version-history":[{"count":17,"href":"https:\/\/makzu.me\/index.php?rest_route=\/wp\/v2\/pages\/456\/revisions"}],"predecessor-version":[{"id":672,"href":"https:\/\/makzu.me\/index.php?rest_route=\/wp\/v2\/pages\/456\/revisions\/672"}],"wp:attachment":[{"href":"https:\/\/makzu.me\/index.php?rest_route=%2Fwp%2Fv2%2Fmedia&parent=456"}],"curies":[{"name":"wp","href":"https:\/\/api.w.org\/{rel}","templated":true}]}}